{"id":5786,"date":"2016-06-20T15:56:33","date_gmt":"2016-06-20T13:56:33","guid":{"rendered":"http:\/\/1cc-consulting.com\/?page_id=5786"},"modified":"2016-06-20T15:56:33","modified_gmt":"2016-06-20T13:56:33","slug":"wirtschaftsjurist-mw","status":"publish","type":"page","link":"https:\/\/1cc-consulting.com\/en\/wirtschaftsjurist-mw\/","title":{"rendered":"Wirtschaftsjurist (m\/w)"},"content":{"rendered":"&#8211; in Vollzeit ab sofort &#8211;\r\n<p style=\"text-align: right;\">Holzgerlingen, den 20. Juni 2016<\/p>\r\n<strong>Das Unternehmen<\/strong>\r\nDie 1cc GmbH bietet ihren Kunden ein umfangreiches Beratungsangebot f\u00fcr Produkt-Compliance in allen Fragen der Abfall- und Umweltgesetzgebung (insbesondere Elektroaltger\u00e4te, Batterien, Verpackungen, Chemikalien) sowie im Bereich Urheberrechtsabgaben f\u00fcr elektronische Ger\u00e4te. Die 1cc bietet Herstellern und Vertreibern von Elektroger\u00e4ten ihre Services weltweit an. Dabei umfasst das Service-Portfolio v.a. drei Bereiche:\r\n\u2022\u00a0Recherche und Analyse der Gesetzgebung\r\n\u2022\u00a0Beratung zu umweltrechtlichen Compliance-Themen\r\n\u2022\u00a0Operative Services &amp; Projektmanagement.\r\n\r\n<strong>Ihre Aufgaben<\/strong>\r\n\u2022\u00a0Juristische Aufbereitung komplexer umweltrechtlicher Themen in deutscher und englischer Sprache\r\n\u2022\u00a0\u00dcberwachung und Auswertung gesetzgeberischer Entwicklungen in definierten L\u00e4ndern\r\n\u2022\u00a0Selbst\u00e4ndige Betreuung internationaler Kunden\r\n\u2022\u00a0Projektmanagement\r\n\u2022\u00a0Vertragsgestaltungen und -pr\u00fcfungen\r\n\u2022\u00a0Konzeption und Erstellen von Artikeln u.a. f\u00fcr Newsletter und Fachzeitschriften sowie von Pr\u00e4sentationen f\u00fcr Veranstaltungen\r\n\r\n<strong>Ihre Qualifikation<\/strong>\r\n\u2022\u00a0Wirtschaftsjurist\/in (LL.B\/LL.M)\r\n\u2022\u00a02 bis 3 Jahre Berufserfahrung\r\n\u2022\u00a0Erste Erfahrung im Projektmanagement oder der Kundenberatung vorhanden\r\n\u2022\u00a0Gute konzeptionelle und analytische F\u00e4higkeiten\r\n\u2022\u00a0Gutes wirtschaftliches Verst\u00e4ndnis und schnelle Auffassungsgabe\r\n\u2022\u00a0Sehr gute Englischkenntnisse in Wort und Schrift, weitere Sprachen w\u00fcnschenswert\r\n\u2022\u00a0Die Bereitschaft, sich in internationale Rechtsmaterien einzuarbeiten\r\n\u2022\u00a0Teamf\u00e4higkeit\r\n\u2022\u00a0MS Office (Word, Excel, PowerPoint, Outlook)\r\n<strong>\r\nWir bieten<\/strong>\r\n\u2022\u00a0Ein vielf\u00e4ltiges Aufgabenspektrum und interessante internationale Kunden\r\n\u2022\u00a0Bearbeitung komplexer umweltrechtlicher Themen und deren Umsetzung in der Industrie\r\n\u2022\u00a0Eine angenehme und professionelle Arbeitsatmosph\u00e4re in einem motivierten Team\r\n\u2022\u00a0Wir sch\u00e4tzen Kreativit\u00e4t, Eigeninitiative und Engagement!\r\n\r\nWenn Sie sich durch diese Stellenbeschreibung angesprochen f\u00fchlen und gerne fach\u00fcbergreifend arbeiten, senden Sie Ihre vollst\u00e4ndigen Bewerbungsunterlagen unter Angabe Ihrer Gehaltsvorstellung per E-Mail an Johanna Terry (<span style=\"color: #0000ff; text-decoration: underline;\"><a style=\"color: #0000ff; text-decoration: underline;\" href=\"mailto:jobs@1cc-consulting.com\" target=\"_blank\">jobs@1cc-consulting.com<\/a><\/span>).\r\n\r\nWir freuen uns auf Sie!\r\n<p style=\"text-align: right;\"><\/p>","protected":false},"excerpt":{"rendered":"<p>&#8211; in Vollzeit ab sofort &#8211; Holzgerlingen, den 20. Juni 2016 Das Unternehmen Die 1cc [&hellip;]<\/p>\n","protected":false},"author":5,"featured_media":0,"parent":0,"menu_order":0,"comment_status":"closed","ping_status":"closed","template":"","meta":{"_acf_changed":false,"footnotes":""},"class_list":["post-5786","page","type-page","status-publish","hentry"],"acf":[],"yoast_head":"<!-- This site is optimized with the Yoast SEO plugin v25.5 - https:\/\/yoast.com\/wordpress\/plugins\/seo\/ -->\n<title>Wirtschaftsjurist (m\/w) -<\/title>\n<meta name=\"robots\" content=\"index, follow, max-snippet:-1, max-image-preview:large, max-video-preview:-1\" \/>\n<link rel=\"canonical\" href=\"https:\/\/1cc-consulting.com\/en\/wirtschaftsjurist-mw\/\" \/>\n<meta property=\"og:locale\" content=\"en_US\" \/>\n<meta property=\"og:type\" content=\"article\" \/>\n<meta property=\"og:title\" content=\"Wirtschaftsjurist (m\/w) -\" \/>\n<meta property=\"og:description\" content=\"&#8211; in Vollzeit ab sofort &#8211; Holzgerlingen, den 20. Juni 2016 Das Unternehmen Die 1cc [&hellip;]\" \/>\n<meta property=\"og:url\" content=\"https:\/\/1cc-consulting.com\/en\/wirtschaftsjurist-mw\/\" \/>\n<meta name=\"twitter:card\" content=\"summary_large_image\" \/>\n<meta name=\"twitter:label1\" content=\"Est. reading time\" \/>\n\t<meta name=\"twitter:data1\" content=\"1 minute\" \/>\n<script type=\"application\/ld+json\" class=\"yoast-schema-graph\">{\"@context\":\"https:\/\/schema.org\",\"@graph\":[{\"@type\":\"WebPage\",\"@id\":\"https:\/\/1cc-consulting.com\/en\/wirtschaftsjurist-mw\/\",\"url\":\"https:\/\/1cc-consulting.com\/en\/wirtschaftsjurist-mw\/\",\"name\":\"Wirtschaftsjurist (m\/w) -\",\"isPartOf\":{\"@id\":\"https:\/\/1cc-consulting.com\/#website\"},\"datePublished\":\"2016-06-20T13:56:33+00:00\",\"breadcrumb\":{\"@id\":\"https:\/\/1cc-consulting.com\/en\/wirtschaftsjurist-mw\/#breadcrumb\"},\"inLanguage\":\"en-US\",\"potentialAction\":[{\"@type\":\"ReadAction\",\"target\":[\"https:\/\/1cc-consulting.com\/en\/wirtschaftsjurist-mw\/\"]}]},{\"@type\":\"BreadcrumbList\",\"@id\":\"https:\/\/1cc-consulting.com\/en\/wirtschaftsjurist-mw\/#breadcrumb\",\"itemListElement\":[{\"@type\":\"ListItem\",\"position\":1,\"name\":\"Home\",\"item\":\"https:\/\/1cc-consulting.com\/en\/\"},{\"@type\":\"ListItem\",\"position\":2,\"name\":\"Wirtschaftsjurist (m\/w)\"}]},{\"@type\":\"WebSite\",\"@id\":\"https:\/\/1cc-consulting.com\/#website\",\"url\":\"https:\/\/1cc-consulting.com\/\",\"name\":\"\",\"description\":\"1cc Compliance Consulting\",\"potentialAction\":[{\"@type\":\"SearchAction\",\"target\":{\"@type\":\"EntryPoint\",\"urlTemplate\":\"https:\/\/1cc-consulting.com\/?s={search_term_string}\"},\"query-input\":{\"@type\":\"PropertyValueSpecification\",\"valueRequired\":true,\"valueName\":\"search_term_string\"}}],\"inLanguage\":\"en-US\"}]}<\/script>\n<!-- \/ Yoast SEO plugin. -->","yoast_head_json":{"title":"Wirtschaftsjurist (m\/w) -","robots":{"index":"index","follow":"follow","max-snippet":"max-snippet:-1","max-image-preview":"max-image-preview:large","max-video-preview":"max-video-preview:-1"},"canonical":"https:\/\/1cc-consulting.com\/en\/wirtschaftsjurist-mw\/","og_locale":"en_US","og_type":"article","og_title":"Wirtschaftsjurist (m\/w) -","og_description":"&#8211; in Vollzeit ab sofort &#8211; Holzgerlingen, den 20. Juni 2016 Das Unternehmen Die 1cc [&hellip;]","og_url":"https:\/\/1cc-consulting.com\/en\/wirtschaftsjurist-mw\/","twitter_card":"summary_large_image","twitter_misc":{"Est. reading time":"1 minute"},"schema":{"@context":"https:\/\/schema.org","@graph":[{"@type":"WebPage","@id":"https:\/\/1cc-consulting.com\/en\/wirtschaftsjurist-mw\/","url":"https:\/\/1cc-consulting.com\/en\/wirtschaftsjurist-mw\/","name":"Wirtschaftsjurist (m\/w) -","isPartOf":{"@id":"https:\/\/1cc-consulting.com\/#website"},"datePublished":"2016-06-20T13:56:33+00:00","breadcrumb":{"@id":"https:\/\/1cc-consulting.com\/en\/wirtschaftsjurist-mw\/#breadcrumb"},"inLanguage":"en-US","potentialAction":[{"@type":"ReadAction","target":["https:\/\/1cc-consulting.com\/en\/wirtschaftsjurist-mw\/"]}]},{"@type":"BreadcrumbList","@id":"https:\/\/1cc-consulting.com\/en\/wirtschaftsjurist-mw\/#breadcrumb","itemListElement":[{"@type":"ListItem","position":1,"name":"Home","item":"https:\/\/1cc-consulting.com\/en\/"},{"@type":"ListItem","position":2,"name":"Wirtschaftsjurist (m\/w)"}]},{"@type":"WebSite","@id":"https:\/\/1cc-consulting.com\/#website","url":"https:\/\/1cc-consulting.com\/","name":"","description":"1cc Compliance Consulting","potentialAction":[{"@type":"SearchAction","target":{"@type":"EntryPoint","urlTemplate":"https:\/\/1cc-consulting.com\/?s={search_term_string}"},"query-input":{"@type":"PropertyValueSpecification","valueRequired":true,"valueName":"search_term_string"}}],"inLanguage":"en-US"}]}},"_links":{"self":[{"href":"https:\/\/1cc-consulting.com\/en\/wp-json\/wp\/v2\/pages\/5786"}],"collection":[{"href":"https:\/\/1cc-consulting.com\/en\/wp-json\/wp\/v2\/pages"}],"about":[{"href":"https:\/\/1cc-consulting.com\/en\/wp-json\/wp\/v2\/types\/page"}],"author":[{"embeddable":true,"href":"https:\/\/1cc-consulting.com\/en\/wp-json\/wp\/v2\/users\/5"}],"replies":[{"embeddable":true,"href":"https:\/\/1cc-consulting.com\/en\/wp-json\/wp\/v2\/comments?post=5786"}],"version-history":[{"count":4,"href":"https:\/\/1cc-consulting.com\/en\/wp-json\/wp\/v2\/pages\/5786\/revisions"}],"predecessor-version":[{"id":5790,"href":"https:\/\/1cc-consulting.com\/en\/wp-json\/wp\/v2\/pages\/5786\/revisions\/5790"}],"wp:attachment":[{"href":"https:\/\/1cc-consulting.com\/en\/wp-json\/wp\/v2\/media?parent=5786"}],"curies":[{"name":"wp","href":"https:\/\/api.w.org\/{rel}","templated":true}]}}